{"id":27180,"date":"2024-08-05T19:14:40","date_gmt":"2024-08-05T17:14:40","guid":{"rendered":"https:\/\/socius.de\/?page_id=27180"},"modified":"2026-01-21T19:33:16","modified_gmt":"2026-01-21T18:33:16","slug":"imprint","status":"publish","type":"page","link":"https:\/\/socius.de\/en\/impressum\/","title":{"rendered":"Imprint"},"content":{"rendered":"<p>[et_pb_section fb_built=&#8220;1&#8243; _builder_version=&#8220;4.27.4&#8243; _module_preset=&#8220;default&#8220; width=&#8220;100%&#8220; max_width=&#8220;100%&#8220; module_alignment=&#8220;center&#8220; global_colors_info=&#8220;{}&#8220;][et_pb_row _builder_version=&#8220;4.27.4&#8243; _module_preset=&#8220;default&#8220; width=&#8220;100%&#8220; max_width=&#8220;100%&#8220; module_alignment=&#8220;center&#8220; global_colors_info=&#8220;{}&#8220;][et_pb_column type=&#8220;4_4&#8243; _builder_version=&#8220;4.27.0&#8243; _module_preset=&#8220;default&#8220; global_colors_info=&#8220;{}&#8220;][et_pb_text _builder_version=&#8220;4.27.5&#8243; _module_preset=&#8220;default&#8220; hover_enabled=&#8220;0&#8243; global_colors_info=&#8220;{}&#8220; sticky_enabled=&#8220;0&#8243;]<\/p>\n<h3><span style=\"font-weight: 400;\">I. Verantwortlich f\u00fcr diese Website \u00a75 DDG (ehem. TMG)<\/span><\/h3>\n<h4><b>SOCIUS eG <\/b><b><br \/><\/b><span style=\"font-weight: 400;\">eingetragene Genossenschaft<\/span><\/h4>\n<p><b>Anschrift:<\/b><b><br \/><\/b><span style=\"font-weight: 400;\">Tempelhofer Ufer 21<\/span><span style=\"font-weight: 400;\"><br \/><\/span><span style=\"font-weight: 400;\">10963 Berlin<\/span><span style=\"font-weight: 400;\"><br \/><\/span><span style=\"font-weight: 400;\">Deutschland<\/span><\/p>\n<p><b>Vertreten durch:<\/b><b><br \/><\/b><span style=\"font-weight: 400;\">Christian Baier, Joana Ebbinghaus, Lysan Escher, Julia Hoffmann, Hannah Kalhorn, Andreas Knoth und Nicola Kriesel<\/span><\/p>\n<p><b>Kontakt:<\/b><b><br \/><\/b><span style=\"font-weight: 400;\">Telefon: +49 (0)30 40301020<\/span><span style=\"font-weight: 400;\"><br \/><\/span><span style=\"font-weight: 400;\">E-Mail: eg@socius.de<\/span><\/p>\n<p><b>Registereintrag: <\/b><b><\/b><span style=\"font-weight: 400;\">Eingetragen im Genossenschaftsregister Amtsgericht Charlottenburg: <\/span><span style=\"font-weight: 400;\">Genossenschaftsregisternr.: GnR 700 B; <\/span><\/p>\n<p><span style=\"font-weight: 400;\">Umsatzsteuer-Identifikationsnummer: <\/span><span style=\"font-weight: 400;\">DE276121421<\/span><\/p>\n<p><span style=\"font-weight: 400;\">Die SOCIUS eG ist alleinige Gesellschafterin der SOCIUS Organisationsberatung gGmbH.<\/span><\/p>\n<h3><span style=\"font-weight: 400;\">II. Verantwortlich f\u00fcr Inhalte, Bildungsangebote und den Online-Shop<\/span><\/h3>\n<h4><b>SOCIUS Organisationsberatung gGmbH<\/b><b><br \/><\/b><span style=\"font-weight: 400;\">Gemeinn\u00fctzige Gesellschaft mit beschr\u00e4nkter Haftung<\/span><\/h4>\n<p><b>Anschrift:<\/b><b><br \/><\/b><span style=\"font-weight: 400;\">Tempelhofer Ufer 21<\/span><span style=\"font-weight: 400;\"><br \/><\/span><span style=\"font-weight: 400;\">10963 Berlin<\/span><span style=\"font-weight: 400;\"><br \/><\/span><span style=\"font-weight: 400;\">Deutschland<\/span><\/p>\n<p><b>Vertreten durch:<\/b><b><br \/><\/b><span style=\"font-weight: 400;\">Lysan Escher und Andreas Knoth<\/span><\/p>\n<p><b>Kontakt:<\/b><b><br \/><\/b><span style=\"font-weight: 400;\">Telefon: +49 (0)30 40301020<\/span><span style=\"font-weight: 400;\"><br \/><\/span><span style=\"font-weight: 400;\">E-Mail: info@socius.de<\/span><\/p>\n<p><b>Registereintrag:<\/b><b><br \/><\/b><span style=\"font-weight: 400;\">Eingetragen im Handelsregister beim Amtsgericht Berlin-Charlottenburg<\/span><span style=\"font-weight: 400;\"><br \/><\/span><span style=\"font-weight: 400;\">Handelsregisternummer: <\/span><span style=\"font-weight: 400;\">HRB 69677 B<\/span><\/p>\n<p><b>Gemeinn\u00fctzigkeit:<\/b><b><br \/><\/b><span style=\"font-weight: 400;\">Die SOCIUS Organisationsberatung gGmbH ist nach \u00a7 60a AO als gemeinn\u00fctzig anerkannt und verfolgt ausschlie\u00dflich und unmittelbar gemeinn\u00fctzige Zwecke im Sinne der \u00a7\u00a7 51 ff. AO.<\/span><\/p>\n<p><b>Umsatzsteuer:<\/b><b><br \/><\/b><span style=\"font-weight: 400;\">Von der Umsatzsteuer befreit gem\u00e4\u00df \u00a7 4 Nr. 22a UStG.<\/span><\/p>\n<p><span style=\"font-weight: 400;\">Umsatzsteueridentifikationsnummer <\/span><span style=\"font-weight: 400;\">DE232329817.<\/span><\/p>\n<h3><span style=\"font-weight: 400;\">III. Inhaltlich verantwortlich gem\u00e4\u00df \u00a7 18 Abs. 2 MStV:<\/span><\/h3>\n<p><span style=\"font-weight: 400;\">Andreas Knoth, Nicola Kriesel &#8211; Anschrift wie oben.\u00a0<\/span><\/p>\n<h3><span style=\"font-weight: 400;\">IV. Streitschlichtungsverfahren<\/span><\/h3>\n<p><span style=\"font-weight: 400;\">Wir sind zur Teilnahme an einem Streitbeilegungsverfahren vor einer Verbraucherschlichtungsstelle nicht verpflichtet, hierzu jedoch grunds\u00e4tzlich bereit. <\/span><span style=\"font-weight: 400;\">Zust\u00e4ndig ist die Universalschlichtungsstelle des Zentrums f\u00fcr Schlichtung e.V., Stra\u00dfburger Stra\u00dfe 8, 77694 Kehl am Rhein (<\/span><a href=\"https:\/\/www.verbraucher-schlichter.de\/\"><span style=\"font-weight: 400;\">https:\/\/www.verbraucher-schlichter.de<\/span><\/a><span style=\"font-weight: 400;\">).<\/span><\/p>\n<h3><span style=\"font-weight: 400;\">Diese Webseite h\u00e4tte nicht entstehen k\u00f6nnen ohne die Zusammenarbeit mit:<\/span><\/h3>\n<p><b>Webmaster:<\/b> <a href=\"https:\/\/christiane-weigel.de\/\"><span style=\"font-weight: 400;\">Christiane Weigel<\/span><\/a><span style=\"font-weight: 400;\"><br \/><\/span><b>WebDesign:<\/b> <a href=\"https:\/\/www.actu-tactu.de\/\"><span style=\"font-weight: 400;\">Actu &amp; Tactu<\/span><\/a><br \/><b>Fotos:<\/b> <a href=\"https:\/\/www.juergenscheer.com\/\"><span style=\"font-weight: 400;\">J\u00fcrgen Scheer<\/span><\/a><span style=\"font-weight: 400;\">, Aline Reinsbach, <\/span><a href=\"https:\/\/www.constanzeflamme.de\/\"><span style=\"font-weight: 400;\">Constanze Flamme<\/span><\/a><span style=\"font-weight: 400;\">, <\/span><a href=\"https:\/\/matthiasritzmann.de\/work\"><span style=\"font-weight: 400;\">Matthias Ritzmann<\/span><\/a><span style=\"font-weight: 400;\">, unsplash, Envato, Pixabay, Freepik und Canva<br \/><\/span><b>Design Onlinekurs:<\/b><span style=\"font-weight: 400;\"> Wigwam eG<br \/><\/span><b>Film:<\/b> <a href=\"https:\/\/filmingforchange.net\/de\/macher\/stefan-marks-de\/\"><span style=\"font-weight: 400;\">Stefan Marks, Filming for Change<\/span><\/a><span style=\"font-weight: 400;\"><br \/><\/span><b>Lektorat:<\/b> <a href=\"https:\/\/www.monias.org\/\"><span style=\"font-weight: 400;\">Monia Ben Larbi<\/span><\/a><\/p>\n<h3><span style=\"font-weight: 400;\"><br \/>DANKE!<\/span><\/h3>\n<p>[\/et_pb_text][\/et_pb_column][\/et_pb_row][\/et_pb_section]<\/p>\n","protected":false},"excerpt":{"rendered":"<p>I. Verantwortlich f\u00fcr diese Website \u00a75 DDG (ehem. TMG) SOCIUS eG eingetragene Genossenschaft Anschrift:Tempelhofer Ufer 2110963 BerlinDeutschland Vertreten durch:Christian Baier, Joana Ebbinghaus, Lysan Escher, Julia Hoffmann, Hannah Kalhorn, Andreas Knoth und Nicola Kriesel Kontakt:Telefon: +49 (0)30 40301020E-Mail: eg@socius.de Registereintrag: Eingetragen im Genossenschaftsregister Amtsgericht Charlottenburg: Genossenschaftsregisternr.: GnR 700 B; Umsatzsteuer-Identifikationsnummer: DE276121421 Die SOCIUS eG ist alleinige [\u2026]<\/p>\n","protected":false},"author":2,"featured_media":0,"parent":0,"menu_order":40,"comment_status":"closed","ping_status":"closed","template":"","meta":{"_acf_changed":false,"_et_pb_use_builder":"on","_et_pb_old_content":"","_et_gb_content_width":"","inline_featured_image":false,"footnotes":""},"categories":[],"tags":[],"class_list":["post-27180","page","type-page","status-publish","hentry"],"acf":[],"yoast_head":"<!-- This site is optimized with the Yoast SEO plugin v27.4 - https:\/\/yoast.com\/product\/yoast-seo-wordpress\/ -->\n<title>Impressum - SOCIUS Organisationsberatung gGmbH<\/title>\n<meta name=\"robots\" content=\"index, follow, max-snippet:-1, max-image-preview:large, max-video-preview:-1\" \/>\n<link rel=\"canonical\" href=\"https:\/\/socius.de\/en\/imprint\/\" \/>\n<meta property=\"og:locale\" content=\"en_GB\" \/>\n<meta property=\"og:type\" content=\"article\" \/>\n<meta property=\"og:title\" content=\"Impressum - SOCIUS Organisationsberatung gGmbH\" \/>\n<meta property=\"og:url\" content=\"https:\/\/socius.de\/en\/imprint\/\" \/>\n<meta property=\"og:site_name\" content=\"SOCIUS Organisationsberatung gGmbH\" \/>\n<meta property=\"article:publisher\" content=\"https:\/\/www.facebook.com\/SOCIUSBerlin\/\" \/>\n<meta property=\"article:modified_time\" content=\"2026-01-21T18:33:16+00:00\" \/>\n<meta name=\"twitter:card\" content=\"summary_large_image\" \/>\n<meta name=\"twitter:description\" content=\"[aioc_content_carousel slide_effect=&quot;cube&quot; equalize_slides_height=&quot;on&quot; enable_lightbox=&quot;on&quot; show_arrow=&quot;on&quot; arrows_position=&quot;inside_bottom_right&quot; content_position=&quot;right&quot; content_alignment=&quot;left_center&quot; enable_custom_image_width=&quot;on&quot; arrows_custom_padding=&quot;5px|5px|5px|5px|true|true&quot; arrow_font_size=&quot;40px&quot; arrow_color=&quot;#000000&quot; previous_slide_arrow=&quot;&#x34;||divi||400&quot; next_slide_arrow=&quot;&#x35;||divi||400&quot; content_bg_color=&quot;#eeeeee&quot; _builder_version=&quot;4.23.1&quot; _module_preset=&quot;default&quot; title_font=&quot;|600|||||||&quot; title_text_color=&quot;#000000&quot; title_font_size=&quot;36px&quot; title_letter_spacing=&quot;1px&quot; title_line_height=&quot;1.4em&quot; subtitle_font=&quot;||||||||&quot; subtitle_text_color=&quot;#7a7a7a&quot; subtitle_font_size=&quot;24px&quot; subtitle_letter_spacing=&quot;1px&quot; subtitle_line_height=&quot;1.4em&quot; content_font_size=&quot;18px&quot; content_line_height=&quot;2em&quot; hover_enabled=&quot;0&quot; title_font_size_tablet=&quot;28px&quot; title_font_size_phone=&quot;22px&quot; title_font_size_last_edited=&quot;on|phone&quot; subtitle_font_size_tablet=&quot;22px&quot; subtitle_font_size_phone=&quot;18px&quot; subtitle_font_size_last_edited=&quot;on|desktop&quot; global_colors_info=&quot;{}&quot; custom_padding__hover_enabled=&quot;off|desktop&quot;][aioc_content_carousel_item title=&quot;Cardio Fitness&quot; subtitle=&quot;Fitness Training&quot; image=&quot;https:\/\/socius.de\/wp-content\/uploads\/man-person-structure-equipment-room-fitness.webp&quot; show_button=&quot;on&quot; button_text=&quot;Contact Us&quot; content_custom_padding=&quot;|10%||10%|true|true&quot; _builder_version=&quot;4.23.1&quot; _module_preset=&quot;default&quot; custom_button=&quot;on&quot; button_text_size=&quot;18px&quot; button_text_color=&quot;#FFFFFF&quot; button_bg_color=&quot;#000000&quot; button_border_color=&quot;#000000&quot; button_border_radius=&quot;5px&quot; [&hellip;]\" \/>\n<meta name=\"twitter:label1\" content=\"Estimated reading time\" \/>\n\t<meta name=\"twitter:data1\" content=\"2 minutes\" \/>\n<script type=\"application\/ld+json\" class=\"yoast-schema-graph\">{\"@context\":\"https:\\\/\\\/schema.org\",\"@graph\":[{\"@type\":\"WebPage\",\"@id\":\"https:\\\/\\\/socius.de\\\/impressum\\\/\",\"url\":\"https:\\\/\\\/socius.de\\\/impressum\\\/\",\"name\":\"Impressum - SOCIUS Organisationsberatung gGmbH\",\"isPartOf\":{\"@id\":\"https:\\\/\\\/socius.de\\\/#website\"},\"datePublished\":\"2024-08-05T17:14:40+00:00\",\"dateModified\":\"2026-01-21T18:33:16+00:00\",\"breadcrumb\":{\"@id\":\"https:\\\/\\\/socius.de\\\/impressum\\\/#breadcrumb\"},\"inLanguage\":\"en-GB\",\"potentialAction\":[{\"@type\":\"ReadAction\",\"target\":[\"https:\\\/\\\/socius.de\\\/impressum\\\/\"]}]},{\"@type\":\"BreadcrumbList\",\"@id\":\"https:\\\/\\\/socius.de\\\/impressum\\\/#breadcrumb\",\"itemListElement\":[{\"@type\":\"ListItem\",\"position\":1,\"name\":\"Startseite\",\"item\":\"https:\\\/\\\/socius.de\\\/\"},{\"@type\":\"ListItem\",\"position\":2,\"name\":\"Impressum\"}]},{\"@type\":\"WebSite\",\"@id\":\"https:\\\/\\\/socius.de\\\/#website\",\"url\":\"https:\\\/\\\/socius.de\\\/\",\"name\":\"SOCIUS Organisationsberatung gGmbH\",\"description\":\"sinnvoll zusammen wirken\",\"publisher\":{\"@id\":\"https:\\\/\\\/socius.de\\\/#organization\"},\"potentialAction\":[{\"@type\":\"SearchAction\",\"target\":{\"@type\":\"EntryPoint\",\"urlTemplate\":\"https:\\\/\\\/socius.de\\\/?s={search_term_string}\"},\"query-input\":{\"@type\":\"PropertyValueSpecification\",\"valueRequired\":true,\"valueName\":\"search_term_string\"}}],\"inLanguage\":\"en-GB\"},{\"@type\":\"Organization\",\"@id\":\"https:\\\/\\\/socius.de\\\/#organization\",\"name\":\"SOCIUS Organisationsberatung gGmbH\",\"url\":\"https:\\\/\\\/socius.de\\\/\",\"logo\":{\"@type\":\"ImageObject\",\"inLanguage\":\"en-GB\",\"@id\":\"https:\\\/\\\/socius.de\\\/#\\\/schema\\\/logo\\\/image\\\/\",\"url\":\"https:\\\/\\\/socius.de\\\/wp-content\\\/uploads\\\/SOCIUS_RGB_Teal.png\",\"contentUrl\":\"https:\\\/\\\/socius.de\\\/wp-content\\\/uploads\\\/SOCIUS_RGB_Teal.png\",\"width\":1619,\"height\":736,\"caption\":\"SOCIUS Organisationsberatung gGmbH\"},\"image\":{\"@id\":\"https:\\\/\\\/socius.de\\\/#\\\/schema\\\/logo\\\/image\\\/\"},\"sameAs\":[\"https:\\\/\\\/www.facebook.com\\\/SOCIUSBerlin\\\/\",\"https:\\\/\\\/www.linkedin.com\\\/company\\\/socius-organisationsberatung-ggmbh\\\/\",\"https:\\\/\\\/www.instagram.com\\\/socius_berlin\\\/\",\"https:\\\/\\\/www.youtube.com\\\/channel\\\/UC2QG2hEjpw0NI91VlCo9SoA\"]}]}<\/script>\n<!-- \/ Yoast SEO plugin. -->","yoast_head_json":{"title":"Imprint - SOCIUS Organisationsberatung gGmbH","robots":{"index":"index","follow":"follow","max-snippet":"max-snippet:-1","max-image-preview":"max-image-preview:large","max-video-preview":"max-video-preview:-1"},"canonical":"https:\/\/socius.de\/en\/imprint\/","og_locale":"en_GB","og_type":"article","og_title":"Impressum - SOCIUS Organisationsberatung gGmbH","og_url":"https:\/\/socius.de\/en\/imprint\/","og_site_name":"SOCIUS Organisationsberatung gGmbH","article_publisher":"https:\/\/www.facebook.com\/SOCIUSBerlin\/","article_modified_time":"2026-01-21T18:33:16+00:00","twitter_card":"summary_large_image","twitter_description":"[aioc_content_carousel slide_effect=\"cube\" equalize_slides_height=\"on\" enable_lightbox=\"on\" show_arrow=\"on\" arrows_position=\"inside_bottom_right\" content_position=\"right\" content_alignment=\"left_center\" enable_custom_image_width=\"on\" arrows_custom_padding=\"5px|5px|5px|5px|true|true\" arrow_font_size=\"40px\" arrow_color=\"#000000\" previous_slide_arrow=\"&#x34;||divi||400\" next_slide_arrow=\"&#x35;||divi||400\" content_bg_color=\"#eeeeee\" _builder_version=\"4.23.1\" _module_preset=\"default\" title_font=\"|600|||||||\" title_text_color=\"#000000\" title_font_size=\"36px\" title_letter_spacing=\"1px\" title_line_height=\"1.4em\" subtitle_font=\"||||||||\" subtitle_text_color=\"#7a7a7a\" subtitle_font_size=\"24px\" subtitle_letter_spacing=\"1px\" subtitle_line_height=\"1.4em\" content_font_size=\"18px\" content_line_height=\"2em\" hover_enabled=\"0\" title_font_size_tablet=\"28px\" title_font_size_phone=\"22px\" title_font_size_last_edited=\"on|phone\" subtitle_font_size_tablet=\"22px\" subtitle_font_size_phone=\"18px\" subtitle_font_size_last_edited=\"on|desktop\" global_colors_info=\"{}\" custom_padding__hover_enabled=\"off|desktop\"][aioc_content_carousel_item title=\"Cardio Fitness\" subtitle=\"Fitness Training\" image=\"https:\/\/socius.de\/wp-content\/uploads\/man-person-structure-equipment-room-fitness.webp\" show_button=\"on\" button_text=\"Contact Us\" content_custom_padding=\"|10%||10%|true|true\" _builder_version=\"4.23.1\" _module_preset=\"default\" custom_button=\"on\" button_text_size=\"18px\" button_text_color=\"#FFFFFF\" button_bg_color=\"#000000\" button_border_color=\"#000000\" button_border_radius=\"5px\" [&hellip;]","twitter_misc":{"Estimated reading time":"2 minutes"},"schema":{"@context":"https:\/\/schema.org","@graph":[{"@type":"WebPage","@id":"https:\/\/socius.de\/impressum\/","url":"https:\/\/socius.de\/impressum\/","name":"Imprint - SOCIUS Organisationsberatung gGmbH","isPartOf":{"@id":"https:\/\/socius.de\/#website"},"datePublished":"2024-08-05T17:14:40+00:00","dateModified":"2026-01-21T18:33:16+00:00","breadcrumb":{"@id":"https:\/\/socius.de\/impressum\/#breadcrumb"},"inLanguage":"en-GB","potentialAction":[{"@type":"ReadAction","target":["https:\/\/socius.de\/impressum\/"]}]},{"@type":"BreadcrumbList","@id":"https:\/\/socius.de\/impressum\/#breadcrumb","itemListElement":[{"@type":"ListItem","position":1,"name":"Startseite","item":"https:\/\/socius.de\/"},{"@type":"ListItem","position":2,"name":"Impressum"}]},{"@type":"WebSite","@id":"https:\/\/socius.de\/#website","url":"https:\/\/socius.de\/","name":"SOCIUS Organisationsberatung gGmbH","description":"meaningful collaboration","publisher":{"@id":"https:\/\/socius.de\/#organization"},"potentialAction":[{"@type":"SearchAction","target":{"@type":"EntryPoint","urlTemplate":"https:\/\/socius.de\/?s={search_term_string}"},"query-input":{"@type":"PropertyValueSpecification","valueRequired":true,"valueName":"search_term_string"}}],"inLanguage":"en-GB"},{"@type":"Organization","@id":"https:\/\/socius.de\/#organization","name":"SOCIUS Organisationsberatung gGmbH","url":"https:\/\/socius.de\/","logo":{"@type":"ImageObject","inLanguage":"en-GB","@id":"https:\/\/socius.de\/#\/schema\/logo\/image\/","url":"https:\/\/socius.de\/wp-content\/uploads\/SOCIUS_RGB_Teal.png","contentUrl":"https:\/\/socius.de\/wp-content\/uploads\/SOCIUS_RGB_Teal.png","width":1619,"height":736,"caption":"SOCIUS Organisationsberatung gGmbH"},"image":{"@id":"https:\/\/socius.de\/#\/schema\/logo\/image\/"},"sameAs":["https:\/\/www.facebook.com\/SOCIUSBerlin\/","https:\/\/www.linkedin.com\/company\/socius-organisationsberatung-ggmbh\/","https:\/\/www.instagram.com\/socius_berlin\/","https:\/\/www.youtube.com\/channel\/UC2QG2hEjpw0NI91VlCo9SoA"]}]}},"_links":{"self":[{"href":"https:\/\/socius.de\/en\/wp-json\/wp\/v2\/pages\/27180","targetHints":{"allow":["GET"]}}],"collection":[{"href":"https:\/\/socius.de\/en\/wp-json\/wp\/v2\/pages"}],"about":[{"href":"https:\/\/socius.de\/en\/wp-json\/wp\/v2\/types\/page"}],"author":[{"embeddable":true,"href":"https:\/\/socius.de\/en\/wp-json\/wp\/v2\/users\/2"}],"replies":[{"embeddable":true,"href":"https:\/\/socius.de\/en\/wp-json\/wp\/v2\/comments?post=27180"}],"version-history":[{"count":1,"href":"https:\/\/socius.de\/en\/wp-json\/wp\/v2\/pages\/27180\/revisions"}],"predecessor-version":[{"id":252110,"href":"https:\/\/socius.de\/en\/wp-json\/wp\/v2\/pages\/27180\/revisions\/252110"}],"wp:attachment":[{"href":"https:\/\/socius.de\/en\/wp-json\/wp\/v2\/media?parent=27180"}],"wp:term":[{"taxonomy":"category","embeddable":true,"href":"https:\/\/socius.de\/en\/wp-json\/wp\/v2\/categories?post=27180"},{"taxonomy":"post_tag","embeddable":true,"href":"https:\/\/socius.de\/en\/wp-json\/wp\/v2\/tags?post=27180"}],"curies":[{"name":"wp","href":"https:\/\/api.w.org\/{rel}","templated":true}]}}