{"id":31064,"date":"2024-12-04T17:53:09","date_gmt":"2024-12-04T16:53:09","guid":{"rendered":"https:\/\/socius.de\/?page_id=31064"},"modified":"2025-11-21T15:40:25","modified_gmt":"2025-11-21T14:40:25","slug":"team","status":"publish","type":"page","link":"https:\/\/socius.de\/en\/team\/","title":{"rendered":"Team"},"content":{"rendered":"<p>[et_pb_section fb_built=&#8220;1&#8243; admin_label=&#8220;Sektion Teamfoto Vollformat&#8220; _builder_version=&#8220;4.27.4&#8243; _module_preset=&#8220;default&#8220; custom_margin=&#8220;0px||0px||false|false&#8220; custom_padding=&#8220;0px||0px||false|false&#8220; collapsed=&#8220;off&#8220; global_colors_info=&#8220;{}&#8220;][et_pb_row _builder_version=&#8220;4.27.4&#8243; _module_preset=&#8220;default&#8220; width=&#8220;100%&#8220; max_width=&#8220;100%&#8220; module_alignment=&#8220;center&#8220; custom_margin=&#8220;0px||0px||false|false&#8220; custom_padding=&#8220;0px||0px||false|false&#8220; global_colors_info=&#8220;{}&#8220;][et_pb_column type=&#8220;4_4&#8243; _builder_version=&#8220;4.27.4&#8243; _module_preset=&#8220;default&#8220; global_colors_info=&#8220;{}&#8220;][et_pb_image src=&#8220;https:\/\/socius.de\/wp-content\/uploads\/Teamfoto-1.jpg&#8220; title_text=&#8220;Teamfoto 1&#8243; align=&#8220;center&#8220; force_fullwidth=&#8220;on&#8220; admin_label=&#8220;Teamfoto&#8220; _builder_version=&#8220;4.27.4&#8243; _module_preset=&#8220;default&#8220; custom_margin=&#8220;0px|0px|0px|0px|true|true&#8220; custom_padding=&#8220;0px|0px|0px|0px|true|true&#8220; hover_enabled=&#8220;0&#8243; global_colors_info=&#8220;{}&#8220; sticky_enabled=&#8220;0&#8243;][\/et_pb_image][\/et_pb_column][\/et_pb_row][\/et_pb_section][et_pb_section fb_built=&#8220;1&#8243; custom_padding_last_edited=&#8220;on|phone&#8220; admin_label=&#8220;Sektion Unser Team mit Gr\u00fcn-weiss Verlauf&#8220; _builder_version=&#8220;4.27.4&#8243; _module_preset=&#8220;default&#8220; use_background_color_gradient=&#8220;on&#8220; background_color_gradient_stops=&#8220;#b7f104 0%|#ffffff 100%&#8220; custom_padding_tablet=&#8220;0px||||false|false&#8220; custom_padding_phone=&#8220;0px||||false|false&#8220; collapsed=&#8220;on&#8220; global_colors_info=&#8220;{}&#8220;][et_pb_row column_structure=&#8220;2_5,3_5&#8243; _builder_version=&#8220;4.27.4&#8243; _module_preset=&#8220;default&#8220; width_tablet=&#8220;&#8220; width_phone=&#8220;90%&#8220; width_last_edited=&#8220;on|phone&#8220; max_width_tablet=&#8220;&#8220; max_width_phone=&#8220;&#8220; max_width_last_edited=&#8220;on|phone&#8220; custom_padding=&#8220;60px|0px|0px|0px|false|true&#8220; global_colors_info=&#8220;{}&#8220;][et_pb_column type=&#8220;2_5&#8243; _builder_version=&#8220;4.27.4&#8243; _module_preset=&#8220;default&#8220; global_colors_info=&#8220;{}&#8220;][et_pb_text admin_label=&#8220;Unser Team&#8220; _builder_version=&#8220;4.27.4&#8243; _module_preset=&#8220;default&#8220; header_2_text_color=&#8220;#000000&#8243; global_colors_info=&#8220;{}&#8220;]<\/p>\n<h2>Unser Team<\/h2>\n<p>[\/et_pb_text][\/et_pb_column][et_pb_column type=&#8220;3_5&#8243; _builder_version=&#8220;4.27.4&#8243; _module_preset=&#8220;default&#8220; global_colors_info=&#8220;{}&#8220;][et_pb_text admin_label=&#8220;Unser Team  .teasertext&#8220; module_class=&#8220;teasertext&#8220; _builder_version=&#8220;4.27.4&#8243; _module_preset=&#8220;default&#8220; global_colors_info=&#8220;{}&#8220;]<\/p>\n<p>Bei SOCIUS arbeiten wir, wenn m\u00f6glich, im Duo und bringen dabei komplement\u00e4re fachliche Hintergr\u00fcnde, F\u00e4higkeiten und Leidenschaften zusammen. Unsere Beratungspraxis wird bereichert durch Arbeitsbiografien als F\u00fchrungskr\u00e4fte in Stiftungen, Verb\u00e4nden und Beh\u00f6rden, als Engagierte und Netzwerker:innen in Kulturinitiativen, Gemeinschaftsprojekten und Freien Schulen, als Fachkr\u00e4fte der Internationalen Zusammenarbeit und Sozialarbeiter:innen in der Stadtentwicklung sowie als Social Entrepreneurs, Designer:innen und Forschende in den verschiedensten Feldern.<\/p>\n<p>[\/et_pb_text][\/et_pb_column][\/et_pb_row][\/et_pb_section][et_pb_section fb_built=&#8220;1&#8243; admin_label=&#8220;Sektion Team Alle in Blurbs&#8220; module_id=&#8220;team-overview&#8220; _builder_version=&#8220;4.27.4&#8243; _module_preset=&#8220;default&#8220; collapsed=&#8220;off&#8220; global_colors_info=&#8220;{}&#8220;][et_pb_row column_structure=&#8220;1_4,1_4,1_4,1_4&#8243; make_equal=&#8220;on&#8220; _builder_version=&#8220;4.27.4&#8243; _module_preset=&#8220;default&#8220; custom_css_main_element=&#8220;align-items: flex-end;&#8220; global_colors_info=&#8220;{}&#8220;][et_pb_column type=&#8220;1_4&#8243; _builder_version=&#8220;4.27.4&#8243; _module_preset=&#8220;default&#8220; global_colors_info=&#8220;{}&#8220;][et_pb_blurb title=&#8220;Christian Baier&#8220; url=&#8220;\/team\/christian-baier\/&#8220; image=&#8220;https:\/\/socius.de\/wp-content\/uploads\/socius-christian-baier.png&#8220; admin_label=&#8220;Christian&#8220; module_class=&#8220;team-margin&#8220; _builder_version=&#8220;4.27.4&#8243; _module_preset=&#8220;default&#8220; header_level=&#8220;h6&#8243; header_text_align=&#8220;center&#8220; header_text_color=&#8220;#008188&#8243; link_option_url=&#8220;\/team\/christian-baier\/&#8220; custom_css_blurb_image=&#8220;max-height: 240px;&#8220; global_colors_info=&#8220;{}&#8220;][\/et_pb_blurb][\/et_pb_column][et_pb_column type=&#8220;1_4&#8243; _builder_version=&#8220;4.27.4&#8243; _module_preset=&#8220;default&#8220; global_colors_info=&#8220;{}&#8220;][et_pb_blurb title=&#8220;Joana Ebbinghaus&#8220; url=&#8220;\/team\/joana-ebbinghaus\/&#8220; image=&#8220;https:\/\/socius.de\/wp-content\/uploads\/socius-joana-ebbinghaus.png&#8220; admin_label=&#8220;Joana&#8220; module_class=&#8220;team-margin&#8220; _builder_version=&#8220;4.27.4&#8243; _module_preset=&#8220;default&#8220; header_level=&#8220;h6&#8243; header_text_align=&#8220;center&#8220; header_text_color=&#8220;#008188&#8243; link_option_url=&#8220;\/team\/joana-ebbinghaus\/&#8220; custom_css_blurb_image=&#8220;max-height: 240px;&#8220; global_colors_info=&#8220;{}&#8220;][\/et_pb_blurb][\/et_pb_column][et_pb_column type=&#8220;1_4&#8243; _builder_version=&#8220;4.27.4&#8243; _module_preset=&#8220;default&#8220; global_colors_info=&#8220;{}&#8220;][et_pb_blurb title=&#8220;Kerstin Engelhardt&#8220; url=&#8220;\/team\/kerstin-engelhardt\/&#8220; image=&#8220;https:\/\/socius.de\/wp-content\/uploads\/socius-kerstin-engelhardt.png&#8220; admin_label=&#8220;Kerstin&#8220; module_class=&#8220;team-margin&#8220; _builder_version=&#8220;4.27.4&#8243; _module_preset=&#8220;default&#8220; header_level=&#8220;h6&#8243; header_text_align=&#8220;center&#8220; header_text_color=&#8220;#008188&#8243; link_option_url=&#8220;\/team\/kerstin-engelhardt\/&#8220; custom_css_blurb_image=&#8220;max-height: 240px;&#8220; global_colors_info=&#8220;{}&#8220;][\/et_pb_blurb][\/et_pb_column][et_pb_column type=&#8220;1_4&#8243; _builder_version=&#8220;4.27.4&#8243; _module_preset=&#8220;default&#8220; global_colors_info=&#8220;{}&#8220;][et_pb_blurb title=&#8220;Lysan Escher&#8220; url=&#8220;\/team\/lysan-escher&#8220; image=&#8220;https:\/\/socius.de\/wp-content\/uploads\/socius-lysan-escher.png&#8220; admin_label=&#8220;Lysan&#8220; module_class=&#8220;team-margin&#8220; _builder_version=&#8220;4.27.4&#8243; _module_preset=&#8220;default&#8220; header_level=&#8220;h6&#8243; header_text_align=&#8220;center&#8220; header_text_color=&#8220;#008188&#8243; link_option_url=&#8220;\/team\/lysan-escher&#8220; custom_css_blurb_image=&#8220;max-height: 240px;&#8220; global_colors_info=&#8220;{}&#8220;][\/et_pb_blurb][\/et_pb_column][\/et_pb_row][et_pb_row column_structure=&#8220;1_4,1_4,1_4,1_4&#8243; make_equal=&#8220;on&#8220; _builder_version=&#8220;4.27.4&#8243; _module_preset=&#8220;default&#8220; custom_css_main_element=&#8220;align-items: flex-end;&#8220; global_colors_info=&#8220;{}&#8220;][et_pb_column type=&#8220;1_4&#8243; _builder_version=&#8220;4.27.4&#8243; _module_preset=&#8220;default&#8220; global_colors_info=&#8220;{}&#8220;][et_pb_blurb title=&#8220;Julia Hoffmann&#8220; url=&#8220;\/team\/julia-hoffmann\/&#8220; image=&#8220;https:\/\/socius.de\/wp-content\/uploads\/socius-julia-hoffmann.png&#8220; admin_label=&#8220;Julia&#8220; module_class=&#8220;team-margin&#8220; _builder_version=&#8220;4.27.4&#8243; _module_preset=&#8220;default&#8220; header_level=&#8220;h6&#8243; header_text_align=&#8220;center&#8220; header_text_color=&#8220;#008188&#8243; link_option_url=&#8220;\/team\/julia-hoffmann\/&#8220; custom_css_blurb_image=&#8220;max-height: 240px;&#8220; global_colors_info=&#8220;{}&#8220;][\/et_pb_blurb][\/et_pb_column][et_pb_column type=&#8220;1_4&#8243; _builder_version=&#8220;4.27.4&#8243; _module_preset=&#8220;default&#8220; global_colors_info=&#8220;{}&#8220;][et_pb_blurb title=&#8220;Hannah Kalhorn&#8220; url=&#8220;\/team\/hannah-kalhorn\/&#8220; image=&#8220;https:\/\/socius.de\/wp-content\/uploads\/socius-hannah-kalhorn.png&#8220; admin_label=&#8220;Hannah&#8220; module_class=&#8220;team-margin&#8220; _builder_version=&#8220;4.27.4&#8243; _module_preset=&#8220;default&#8220; header_level=&#8220;h6&#8243; header_text_align=&#8220;center&#8220; header_text_color=&#8220;#008188&#8243; link_option_url=&#8220;\/team\/hannah-kalhorn\/&#8220; custom_css_blurb_image=&#8220;max-height: 240px;&#8220; global_colors_info=&#8220;{}&#8220;][\/et_pb_blurb][\/et_pb_column][et_pb_column type=&#8220;1_4&#8243; _builder_version=&#8220;4.27.4&#8243; _module_preset=&#8220;default&#8220; global_colors_info=&#8220;{}&#8220;][et_pb_blurb title=&#8220;Andi Knoth&#8220; url=&#8220;\/team\/andi-knoth\/&#8220; image=&#8220;https:\/\/socius.de\/wp-content\/uploads\/socius-andreas-knoth4.png&#8220; admin_label=&#8220;Andreas&#8220; module_class=&#8220;team-margin&#8220; _builder_version=&#8220;4.27.4&#8243; _module_preset=&#8220;default&#8220; header_level=&#8220;h6&#8243; header_text_align=&#8220;center&#8220; header_text_color=&#8220;#008188&#8243; link_option_url=&#8220;\/team\/andi-knoth\/&#8220; custom_css_blurb_image=&#8220;max-height: 240px;&#8220; global_colors_info=&#8220;{}&#8220;][\/et_pb_blurb][\/et_pb_column][et_pb_column type=&#8220;1_4&#8243; _builder_version=&#8220;4.27.4&#8243; _module_preset=&#8220;default&#8220; global_colors_info=&#8220;{}&#8220;][et_pb_blurb title=&#8220;Nicola Kriesel&#8220; url=&#8220;\/team\/nicola-kriesel\/&#8220; image=&#8220;https:\/\/socius.de\/wp-content\/uploads\/socius-nicola-kriesel.png&#8220; admin_label=&#8220;Nicola&#8220; module_class=&#8220;team-margin&#8220; _builder_version=&#8220;4.27.4&#8243; _module_preset=&#8220;default&#8220; header_level=&#8220;h6&#8243; header_text_align=&#8220;center&#8220; header_text_color=&#8220;#008188&#8243; link_option_url=&#8220;\/team\/nicola-kriesel\/&#8220; custom_css_blurb_image=&#8220;max-height: 240px;&#8220; global_colors_info=&#8220;{}&#8220;][\/et_pb_blurb][\/et_pb_column][\/et_pb_row][et_pb_row column_structure=&#8220;1_4,1_4,1_4,1_4&#8243; make_equal=&#8220;on&#8220; _builder_version=&#8220;4.27.4&#8243; _module_preset=&#8220;default&#8220; custom_css_main_element=&#8220;align-items: flex-end;&#8220; global_colors_info=&#8220;{}&#8220;][et_pb_column type=&#8220;1_4&#8243; _builder_version=&#8220;4.27.4&#8243; _module_preset=&#8220;default&#8220; global_colors_info=&#8220;{}&#8220;][et_pb_blurb title=&#8220;Yi-Cong Lu&#8220; url=&#8220;\/team\/yi-cong-lu\/&#8220; image=&#8220;https:\/\/socius.de\/wp-content\/uploads\/socius-yi-cong-lu.png&#8220; admin_label=&#8220;Cong&#8220; module_class=&#8220;team-margin&#8220; _builder_version=&#8220;4.27.4&#8243; _module_preset=&#8220;default&#8220; header_level=&#8220;h6&#8243; header_text_align=&#8220;center&#8220; header_text_color=&#8220;#008188&#8243; link_option_url=&#8220;\/team\/yi-cong-lu\/&#8220; custom_css_blurb_image=&#8220;max-height: 240px;&#8220; global_colors_info=&#8220;{}&#8220;][\/et_pb_blurb][\/et_pb_column][et_pb_column type=&#8220;1_4&#8243; _builder_version=&#8220;4.27.4&#8243; _module_preset=&#8220;default&#8220; global_colors_info=&#8220;{}&#8220;][et_pb_blurb title=&#8220;Denise N\u00f6renberg&#8220; url=&#8220;\/team\/denise-noerenberg\/&#8220; image=&#8220;https:\/\/socius.de\/wp-content\/uploads\/socius-denise-noerenberg-1.png&#8220; admin_label=&#8220;Denise&#8220; module_class=&#8220;team-margin&#8220; _builder_version=&#8220;4.27.4&#8243; _module_preset=&#8220;default&#8220; header_level=&#8220;h6&#8243; header_text_align=&#8220;center&#8220; header_text_color=&#8220;#008188&#8243; link_option_url=&#8220;\/team\/denise-noerenberg\/&#8220; custom_css_blurb_image=&#8220;max-height: 240px;&#8220; global_colors_info=&#8220;{}&#8220;][\/et_pb_blurb][\/et_pb_column][et_pb_column type=&#8220;1_4&#8243; _builder_version=&#8220;4.27.4&#8243; _module_preset=&#8220;default&#8220; global_colors_info=&#8220;{}&#8220;][\/et_pb_column][et_pb_column type=&#8220;1_4&#8243; _builder_version=&#8220;4.27.4&#8243; _module_preset=&#8220;default&#8220; global_colors_info=&#8220;{}&#8220;][et_pb_blurb title=&#8220;NextWerk&#8220; url=&#8220;\/team\/nextwerk\/&#8220; image=&#8220;https:\/\/socius.de\/wp-content\/uploads\/socius_icons-kollaboration.png&#8220; admin_label=&#8220;Nextwerk&#8220; module_class=&#8220;team-margin&#8220; _builder_version=&#8220;4.27.4&#8243; _module_preset=&#8220;default&#8220; header_level=&#8220;h6&#8243; header_text_align=&#8220;center&#8220; header_text_color=&#8220;#008188&#8243; link_option_url=&#8220;\/team\/nextwerk\/&#8220; custom_css_blurb_image=&#8220;max-height: 240px;&#8220; global_colors_info=&#8220;{}&#8220;][\/et_pb_blurb][\/et_pb_column][\/et_pb_row][\/et_pb_section]<\/p>\n","protected":false},"excerpt":{"rendered":"<p>Unser TeamBei SOCIUS arbeiten wir, wenn m\u00f6glich, im Duo und bringen dabei komplement\u00e4re fachliche Hintergr\u00fcnde, F\u00e4higkeiten und Leidenschaften zusammen. Unsere Beratungspraxis wird bereichert durch Arbeitsbiografien als F\u00fchrungskr\u00e4fte in Stiftungen, Verb\u00e4nden und Beh\u00f6rden, als Engagierte und Netzwerker:innen in Kulturinitiativen, Gemeinschaftsprojekten und Freien Schulen, als Fachkr\u00e4fte der Internationalen Zusammenarbeit und Sozialarbeiter:innen in der Stadtentwicklung sowie als Social [\u2026]<\/p>\n","protected":false},"author":2,"featured_media":0,"parent":0,"menu_order":4,"comment_status":"closed","ping_status":"closed","template":"","meta":{"_acf_changed":false,"_et_pb_use_builder":"on","_et_pb_old_content":"","_et_gb_content_width":"","inline_featured_image":false,"footnotes":""},"categories":[],"tags":[],"class_list":["post-31064","page","type-page","status-publish","hentry"],"acf":[],"yoast_head":"<!-- This site is optimized with the Yoast SEO plugin v27.3 - https:\/\/yoast.com\/product\/yoast-seo-wordpress\/ -->\n<title>Team - SOCIUS Organisationsberatung gGmbH<\/title>\n<meta name=\"description\" content=\"Wir sind SOCIUS, ein Kollektiv von Prozessbegleiter:innen mit Sitz in Berlin, Halle (Saale) und Hamburg.\" \/>\n<meta name=\"robots\" content=\"index, follow, max-snippet:-1, max-image-preview:large, max-video-preview:-1\" \/>\n<link rel=\"canonical\" href=\"https:\/\/socius.de\/en\/team\/\" \/>\n<meta property=\"og:locale\" content=\"en_GB\" \/>\n<meta property=\"og:type\" content=\"article\" \/>\n<meta property=\"og:title\" content=\"Team - SOCIUS Organisationsberatung gGmbH\" \/>\n<meta property=\"og:description\" content=\"Wir sind SOCIUS, ein Kollektiv von Prozessbegleiter:innen mit Sitz in Berlin, Halle (Saale) und Hamburg.\" \/>\n<meta property=\"og:url\" content=\"https:\/\/socius.de\/en\/team\/\" \/>\n<meta property=\"og:site_name\" content=\"SOCIUS Organisationsberatung gGmbH\" \/>\n<meta property=\"article:publisher\" content=\"https:\/\/www.facebook.com\/SOCIUSBerlin\/\" \/>\n<meta property=\"article:modified_time\" content=\"2025-11-21T14:40:25+00:00\" \/>\n<meta name=\"twitter:card\" content=\"summary_large_image\" \/>\n<meta name=\"twitter:label1\" content=\"Estimated reading time\" \/>\n\t<meta name=\"twitter:data1\" content=\"3 minutes\" \/>\n<script type=\"application\/ld+json\" class=\"yoast-schema-graph\">{\"@context\":\"https:\\\/\\\/schema.org\",\"@graph\":[{\"@type\":\"WebPage\",\"@id\":\"https:\\\/\\\/socius.de\\\/team\\\/\",\"url\":\"https:\\\/\\\/socius.de\\\/team\\\/\",\"name\":\"Team - SOCIUS Organisationsberatung gGmbH\",\"isPartOf\":{\"@id\":\"https:\\\/\\\/socius.de\\\/#website\"},\"datePublished\":\"2024-12-04T16:53:09+00:00\",\"dateModified\":\"2025-11-21T14:40:25+00:00\",\"description\":\"Wir sind SOCIUS, ein Kollektiv von Prozessbegleiter:innen mit Sitz in Berlin, Halle (Saale) und Hamburg.\",\"breadcrumb\":{\"@id\":\"https:\\\/\\\/socius.de\\\/team\\\/#breadcrumb\"},\"inLanguage\":\"en-GB\",\"potentialAction\":[{\"@type\":\"ReadAction\",\"target\":[\"https:\\\/\\\/socius.de\\\/team\\\/\"]}]},{\"@type\":\"BreadcrumbList\",\"@id\":\"https:\\\/\\\/socius.de\\\/team\\\/#breadcrumb\",\"itemListElement\":[{\"@type\":\"ListItem\",\"position\":1,\"name\":\"Startseite\",\"item\":\"https:\\\/\\\/socius.de\\\/\"},{\"@type\":\"ListItem\",\"position\":2,\"name\":\"Team\"}]},{\"@type\":\"WebSite\",\"@id\":\"https:\\\/\\\/socius.de\\\/#website\",\"url\":\"https:\\\/\\\/socius.de\\\/\",\"name\":\"SOCIUS Organisationsberatung gGmbH\",\"description\":\"sinnvoll zusammen wirken\",\"publisher\":{\"@id\":\"https:\\\/\\\/socius.de\\\/#organization\"},\"potentialAction\":[{\"@type\":\"SearchAction\",\"target\":{\"@type\":\"EntryPoint\",\"urlTemplate\":\"https:\\\/\\\/socius.de\\\/?s={search_term_string}\"},\"query-input\":{\"@type\":\"PropertyValueSpecification\",\"valueRequired\":true,\"valueName\":\"search_term_string\"}}],\"inLanguage\":\"en-GB\"},{\"@type\":\"Organization\",\"@id\":\"https:\\\/\\\/socius.de\\\/#organization\",\"name\":\"SOCIUS Organisationsberatung gGmbH\",\"url\":\"https:\\\/\\\/socius.de\\\/\",\"logo\":{\"@type\":\"ImageObject\",\"inLanguage\":\"en-GB\",\"@id\":\"https:\\\/\\\/socius.de\\\/#\\\/schema\\\/logo\\\/image\\\/\",\"url\":\"https:\\\/\\\/socius.de\\\/wp-content\\\/uploads\\\/SOCIUS_RGB_Teal.png\",\"contentUrl\":\"https:\\\/\\\/socius.de\\\/wp-content\\\/uploads\\\/SOCIUS_RGB_Teal.png\",\"width\":1619,\"height\":736,\"caption\":\"SOCIUS Organisationsberatung gGmbH\"},\"image\":{\"@id\":\"https:\\\/\\\/socius.de\\\/#\\\/schema\\\/logo\\\/image\\\/\"},\"sameAs\":[\"https:\\\/\\\/www.facebook.com\\\/SOCIUSBerlin\\\/\",\"https:\\\/\\\/www.linkedin.com\\\/company\\\/socius-organisationsberatung-ggmbh\\\/\",\"https:\\\/\\\/www.instagram.com\\\/socius_berlin\\\/\",\"https:\\\/\\\/www.youtube.com\\\/channel\\\/UC2QG2hEjpw0NI91VlCo9SoA\"]}]}<\/script>\n<!-- \/ Yoast SEO plugin. -->","yoast_head_json":{"title":"Team - SOCIUS Management Consultancy gGmbH","description":"We are SOCIUS, a collective of process facilitators based in Berlin, Halle (Saale) and Hamburg.","robots":{"index":"index","follow":"follow","max-snippet":"max-snippet:-1","max-image-preview":"max-image-preview:large","max-video-preview":"max-video-preview:-1"},"canonical":"https:\/\/socius.de\/en\/team\/","og_locale":"en_GB","og_type":"article","og_title":"Team - SOCIUS Organisationsberatung gGmbH","og_description":"Wir sind SOCIUS, ein Kollektiv von Prozessbegleiter:innen mit Sitz in Berlin, Halle (Saale) und Hamburg.","og_url":"https:\/\/socius.de\/en\/team\/","og_site_name":"SOCIUS Organisationsberatung gGmbH","article_publisher":"https:\/\/www.facebook.com\/SOCIUSBerlin\/","article_modified_time":"2025-11-21T14:40:25+00:00","twitter_card":"summary_large_image","twitter_misc":{"Estimated reading time":"3 minutes"},"schema":{"@context":"https:\/\/schema.org","@graph":[{"@type":"WebPage","@id":"https:\/\/socius.de\/team\/","url":"https:\/\/socius.de\/team\/","name":"Team - SOCIUS Management Consultancy gGmbH","isPartOf":{"@id":"https:\/\/socius.de\/#website"},"datePublished":"2024-12-04T16:53:09+00:00","dateModified":"2025-11-21T14:40:25+00:00","description":"We are SOCIUS, a collective of process facilitators based in Berlin, Halle (Saale) and Hamburg.","breadcrumb":{"@id":"https:\/\/socius.de\/team\/#breadcrumb"},"inLanguage":"en-GB","potentialAction":[{"@type":"ReadAction","target":["https:\/\/socius.de\/team\/"]}]},{"@type":"BreadcrumbList","@id":"https:\/\/socius.de\/team\/#breadcrumb","itemListElement":[{"@type":"ListItem","position":1,"name":"Startseite","item":"https:\/\/socius.de\/"},{"@type":"ListItem","position":2,"name":"Team"}]},{"@type":"WebSite","@id":"https:\/\/socius.de\/#website","url":"https:\/\/socius.de\/","name":"SOCIUS Organisationsberatung gGmbH","description":"meaningful collaboration","publisher":{"@id":"https:\/\/socius.de\/#organization"},"potentialAction":[{"@type":"SearchAction","target":{"@type":"EntryPoint","urlTemplate":"https:\/\/socius.de\/?s={search_term_string}"},"query-input":{"@type":"PropertyValueSpecification","valueRequired":true,"valueName":"search_term_string"}}],"inLanguage":"en-GB"},{"@type":"Organization","@id":"https:\/\/socius.de\/#organization","name":"SOCIUS Organisationsberatung gGmbH","url":"https:\/\/socius.de\/","logo":{"@type":"ImageObject","inLanguage":"en-GB","@id":"https:\/\/socius.de\/#\/schema\/logo\/image\/","url":"https:\/\/socius.de\/wp-content\/uploads\/SOCIUS_RGB_Teal.png","contentUrl":"https:\/\/socius.de\/wp-content\/uploads\/SOCIUS_RGB_Teal.png","width":1619,"height":736,"caption":"SOCIUS Organisationsberatung gGmbH"},"image":{"@id":"https:\/\/socius.de\/#\/schema\/logo\/image\/"},"sameAs":["https:\/\/www.facebook.com\/SOCIUSBerlin\/","https:\/\/www.linkedin.com\/company\/socius-organisationsberatung-ggmbh\/","https:\/\/www.instagram.com\/socius_berlin\/","https:\/\/www.youtube.com\/channel\/UC2QG2hEjpw0NI91VlCo9SoA"]}]}},"_links":{"self":[{"href":"https:\/\/socius.de\/en\/wp-json\/wp\/v2\/pages\/31064","targetHints":{"allow":["GET"]}}],"collection":[{"href":"https:\/\/socius.de\/en\/wp-json\/wp\/v2\/pages"}],"about":[{"href":"https:\/\/socius.de\/en\/wp-json\/wp\/v2\/types\/page"}],"author":[{"embeddable":true,"href":"https:\/\/socius.de\/en\/wp-json\/wp\/v2\/users\/2"}],"replies":[{"embeddable":true,"href":"https:\/\/socius.de\/en\/wp-json\/wp\/v2\/comments?post=31064"}],"version-history":[{"count":1,"href":"https:\/\/socius.de\/en\/wp-json\/wp\/v2\/pages\/31064\/revisions"}],"predecessor-version":[{"id":251591,"href":"https:\/\/socius.de\/en\/wp-json\/wp\/v2\/pages\/31064\/revisions\/251591"}],"wp:attachment":[{"href":"https:\/\/socius.de\/en\/wp-json\/wp\/v2\/media?parent=31064"}],"wp:term":[{"taxonomy":"category","embeddable":true,"href":"https:\/\/socius.de\/en\/wp-json\/wp\/v2\/categories?post=31064"},{"taxonomy":"post_tag","embeddable":true,"href":"https:\/\/socius.de\/en\/wp-json\/wp\/v2\/tags?post=31064"}],"curies":[{"name":"wp","href":"https:\/\/api.w.org\/{rel}","templated":true}]}}